{"id":29762,"date":"2021-01-14T10:15:46","date_gmt":"2021-01-14T15:15:46","guid":{"rendered":"https:\/\/vivache.co\/?post_type=product&#038;p=29762"},"modified":"2021-01-14T10:15:46","modified_gmt":"2021-01-14T15:15:46","slug":"bose-portable-smart-speaker","status":"publish","type":"product","link":"https:\/\/vivache.co\/?product=bose-portable-smart-speaker","title":{"rendered":"Bose Portable Smart Speaker"},"content":{"rendered":"","protected":false},"excerpt":{"rendered":"<h4>DESCRIPCION GENERAL<\/h4>\n<p>El Portable Smart Speaker es un altavoz inal\u00e1mbrico dom\u00e9stico, un altavoz Bluetooth port\u00e1til y un altavoz con control por voz, todo en uno. Dentro de casa, puedes moverlo de una habitaci\u00f3n a otra; cuando est\u00e9s fuera, puedes llevarlo contigo. En cualquier lugar donde haya conexi\u00f3n Wi-Fi, puedes controlarlo con tu voz y reproducir m\u00fasica directamente desde la nube. Cuando no haya conexi\u00f3n Wi-Fi, puedes controlarlo como cualquier otro altavoz port\u00e1til con tu tel\u00e9fono m\u00f3vil o tablet mediante Bluetooth y escuchar todo lo que quieras en tu dispositivo. Y sin importar lo que escuches ni d\u00f3nde lo hagas, podr\u00e1s escucharlo con el asombroso sonido Bose en 360 grados. Es el altavoz dom\u00e9stico que no querr\u00e1s dejar en casa.<\/p>\n","protected":false},"featured_media":29766,"template":"","meta":{"om_disable_all_campaigns":false,"_monsterinsights_skip_tracking":false,"_monsterinsights_sitenote_active":false,"_monsterinsights_sitenote_note":"","_monsterinsights_sitenote_category":0,"_uf_show_specific_survey":0,"_uf_disable_surveys":false},"product_cat":[52],"product_tag":[73,72,53,67,68,71,69,70],"aioseo_notices":[],"_links":{"self":[{"href":"https:\/\/vivache.co\/index.php?rest_route=\/wp\/v2\/product\/29762"}],"collection":[{"href":"https:\/\/vivache.co\/index.php?rest_route=\/wp\/v2\/product"}],"about":[{"href":"https:\/\/vivache.co\/index.php?rest_route=\/wp\/v2\/types\/product"}],"wp:featuredmedia":[{"embeddable":true,"href":"https:\/\/vivache.co\/index.php?rest_route=\/wp\/v2\/media\/29766"}],"wp:attachment":[{"href":"https:\/\/vivache.co\/index.php?rest_route=%2Fwp%2Fv2%2Fmedia&parent=29762"}],"wp:term":[{"taxonomy":"product_cat","embeddable":true,"href":"https:\/\/vivache.co\/index.php?rest_route=%2Fwp%2Fv2%2Fproduct_cat&post=29762"},{"taxonomy":"product_tag","embeddable":true,"href":"https:\/\/vivache.co\/index.php?rest_route=%2Fwp%2Fv2%2Fproduct_tag&post=29762"}],"curies":[{"name":"wp","href":"https:\/\/api.w.org\/{rel}","templated":true}]}}