{"id":29754,"date":"2021-01-14T09:55:02","date_gmt":"2021-01-14T14:55:02","guid":{"rendered":"https:\/\/vivache.co\/?post_type=product&#038;p=29754"},"modified":"2021-01-14T09:56:53","modified_gmt":"2021-01-14T14:56:53","slug":"bose-f1-pro","status":"publish","type":"product","link":"https:\/\/vivache.co\/?product=bose-f1-pro","title":{"rendered":"Bose F1 PRO"},"content":{"rendered":"","protected":false},"excerpt":{"rendered":"<h4>Descripci\u00f3n<\/h4>\n<p>Sonido potente e independiente que se adapta para satisfacer sus necesidades de cobertura, el altavoz Bose F1 Model 812 es un altavoz de rango completo de 1000 watts que incorpora la tecnolog\u00eda de arreglo flexible de Bose. Un elemento fundamental del altavoz F1 es un woofer de 30.5 cm (12 pulgadas) que se encuentra detr\u00e1s de un conjunto de 8 drivers de salida alta. Estos 9 altavoces se apoyan en un punto de crossover inferior m\u00e1s bajo que los altavoces convencionales con el fin de dar mayor realce a su sonido y proporcionar voces m\u00e1s claras y naturales, adem\u00e1s de una claridad de rango medio, incluso a vol\u00famenes altos. Y tiene la capacidad de controlar el patr\u00f3n de cobertura vertical. Por ello, dondequiera que realice un espect\u00e1culo, puede adaptar el PA seg\u00fan la habitaci\u00f3n. Con los altavoces Bose F1 Model 812, el sonido es inigualable.<\/p>\n","protected":false},"featured_media":29755,"template":"","meta":{"om_disable_all_campaigns":false,"_monsterinsights_skip_tracking":false,"_monsterinsights_sitenote_active":false,"_monsterinsights_sitenote_note":"","_monsterinsights_sitenote_category":0,"_uf_show_specific_survey":0,"_uf_disable_surveys":false},"product_cat":[52],"product_tag":[56,53,66,65,57,55,59],"aioseo_notices":[],"_links":{"self":[{"href":"https:\/\/vivache.co\/index.php?rest_route=\/wp\/v2\/product\/29754"}],"collection":[{"href":"https:\/\/vivache.co\/index.php?rest_route=\/wp\/v2\/product"}],"about":[{"href":"https:\/\/vivache.co\/index.php?rest_route=\/wp\/v2\/types\/product"}],"wp:featuredmedia":[{"embeddable":true,"href":"https:\/\/vivache.co\/index.php?rest_route=\/wp\/v2\/media\/29755"}],"wp:attachment":[{"href":"https:\/\/vivache.co\/index.php?rest_route=%2Fwp%2Fv2%2Fmedia&parent=29754"}],"wp:term":[{"taxonomy":"product_cat","embeddable":true,"href":"https:\/\/vivache.co\/index.php?rest_route=%2Fwp%2Fv2%2Fproduct_cat&post=29754"},{"taxonomy":"product_tag","embeddable":true,"href":"https:\/\/vivache.co\/index.php?rest_route=%2Fwp%2Fv2%2Fproduct_tag&post=29754"}],"curies":[{"name":"wp","href":"https:\/\/api.w.org\/{rel}","templated":true}]}}