{"id":29744,"date":"2021-01-14T09:36:01","date_gmt":"2021-01-14T14:36:01","guid":{"rendered":"https:\/\/vivache.co\/?post_type=product&#038;p=29744"},"modified":"2021-01-14T10:00:55","modified_gmt":"2021-01-14T15:00:55","slug":"bose-l1-pro","status":"publish","type":"product","link":"https:\/\/vivache.co\/?product=bose-l1-pro","title":{"rendered":"Bose L1 PRO 8"},"content":{"rendered":"","protected":false},"excerpt":{"rendered":"<h4 style=\"text-align: left;\"><strong>DESCRIPCION GENERAL <\/strong><\/h4>\n<p>Como el sistema L1 Pro m\u00e1s port\u00e1til, el PA port\u00e1til L1 Pro8 est\u00e1 listo cuando lo desee. Con un arreglo en l\u00ednea articulado en forma de C de 8 drivers, el L1 Pro8 brinda una cobertura de sonido horizontal de 180\u00b0, que lo convierte en el compa\u00f1ero ideal para espect\u00e1culos en lugares peque\u00f1os como bares y cafeter\u00edas. Un subwoofer integrado en un driver RaceTrack brinda graves potentes en un tama\u00f1o compacto; un mezclador multicanal incorporado ofrece ecualizaci\u00f3n, reverberaci\u00f3n y alimentaci\u00f3n phantom, adem\u00e1s de transmisi\u00f3n Bluetooth\u00ae y acceso a la biblioteca completa de preajustes ToneMatch. La aplicaci\u00f3n intuitiva L1 Mix pone el control inal\u00e1mbrico en sus manos desde el smartphone. Es un sistema superport\u00e1til con una relaci\u00f3n sorprendente de tama\u00f1o-rendimiento. El L1 Pro8 brinda a cantautores y DJ simplicidad en el proceso de configuraci\u00f3n y claridad superior: el poder de obtener el mejor sonido y utilizarlo al instante.<\/p>\n","protected":false},"featured_media":29749,"template":"","meta":{"om_disable_all_campaigns":false,"_monsterinsights_skip_tracking":false,"_monsterinsights_sitenote_active":false,"_monsterinsights_sitenote_note":"","_monsterinsights_sitenote_category":0,"_uf_show_specific_survey":0,"_uf_disable_surveys":false},"product_cat":[52],"product_tag":[56,53,58,54,57,55,59],"aioseo_notices":[],"_links":{"self":[{"href":"https:\/\/vivache.co\/index.php?rest_route=\/wp\/v2\/product\/29744"}],"collection":[{"href":"https:\/\/vivache.co\/index.php?rest_route=\/wp\/v2\/product"}],"about":[{"href":"https:\/\/vivache.co\/index.php?rest_route=\/wp\/v2\/types\/product"}],"wp:featuredmedia":[{"embeddable":true,"href":"https:\/\/vivache.co\/index.php?rest_route=\/wp\/v2\/media\/29749"}],"wp:attachment":[{"href":"https:\/\/vivache.co\/index.php?rest_route=%2Fwp%2Fv2%2Fmedia&parent=29744"}],"wp:term":[{"taxonomy":"product_cat","embeddable":true,"href":"https:\/\/vivache.co\/index.php?rest_route=%2Fwp%2Fv2%2Fproduct_cat&post=29744"},{"taxonomy":"product_tag","embeddable":true,"href":"https:\/\/vivache.co\/index.php?rest_route=%2Fwp%2Fv2%2Fproduct_tag&post=29744"}],"curies":[{"name":"wp","href":"https:\/\/api.w.org\/{rel}","templated":true}]}}