{"id":29738,"date":"2021-01-14T09:21:34","date_gmt":"2021-01-14T14:21:34","guid":{"rendered":"https:\/\/vivache.co\/?post_type=product&#038;p=29738"},"modified":"2021-01-14T09:39:58","modified_gmt":"2021-01-14T14:39:58","slug":"bose-s1-pro","status":"publish","type":"product","link":"https:\/\/vivache.co\/?product=bose-s1-pro","title":{"rendered":"Bose S1 PRO"},"content":{"rendered":"","protected":false},"excerpt":{"rendered":"<h4 class=\"bose-tabContent__title hide-large\">DESCRIPCI\u00d3N GENERAL<\/h4>\n<div class=\"text\">\n<div class=\"bose-richText \">\n<p>Tenga un sonido genial con el sistema de PA de posicionamiento m\u00faltiple ultraport\u00e1til Bose S1 Pro. Dise\u00f1ado para m\u00fasicos, DJ y para utilizar como PA de uso general, el S1 Pro es el mejor PA todo en uno, monitor de piso, amplificador para pr\u00e1ctica y sistema de m\u00fasica principal. Sus m\u00faltiples posiciones, con la tecnolog\u00eda de ecualizaci\u00f3n autom\u00e1tica, garantizan un audio \u00f3ptimo en todo momento. Adem\u00e1s, gracias a la integraci\u00f3n del mezclador de 3 canales, la reverberaci\u00f3n, la transmisi\u00f3n Bluetooth\u00ae y el procesamiento ToneMatch\u00ae, el S1 Pro est\u00e1 listo para ser el PA que lo acompa\u00f1ar\u00e1 en cualquier lugar.<\/p>\n<\/div>\n<\/div>\n","protected":false},"featured_media":29742,"template":"","meta":{"om_disable_all_campaigns":false,"_monsterinsights_skip_tracking":false,"_monsterinsights_sitenote_active":false,"_monsterinsights_sitenote_note":"","_monsterinsights_sitenote_category":0,"_uf_show_specific_survey":0,"_uf_disable_surveys":false},"product_cat":[52],"product_tag":[56,61,53,63,58,57,62,60,64,55],"aioseo_notices":[],"_links":{"self":[{"href":"https:\/\/vivache.co\/index.php?rest_route=\/wp\/v2\/product\/29738"}],"collection":[{"href":"https:\/\/vivache.co\/index.php?rest_route=\/wp\/v2\/product"}],"about":[{"href":"https:\/\/vivache.co\/index.php?rest_route=\/wp\/v2\/types\/product"}],"wp:featuredmedia":[{"embeddable":true,"href":"https:\/\/vivache.co\/index.php?rest_route=\/wp\/v2\/media\/29742"}],"wp:attachment":[{"href":"https:\/\/vivache.co\/index.php?rest_route=%2Fwp%2Fv2%2Fmedia&parent=29738"}],"wp:term":[{"taxonomy":"product_cat","embeddable":true,"href":"https:\/\/vivache.co\/index.php?rest_route=%2Fwp%2Fv2%2Fproduct_cat&post=29738"},{"taxonomy":"product_tag","embeddable":true,"href":"https:\/\/vivache.co\/index.php?rest_route=%2Fwp%2Fv2%2Fproduct_tag&post=29738"}],"curies":[{"name":"wp","href":"https:\/\/api.w.org\/{rel}","templated":true}]}}